{"id":785,"date":"2025-01-30T13:00:34","date_gmt":"2025-01-30T13:00:34","guid":{"rendered":"https:\/\/thewheeltravels.com\/?page_id=785"},"modified":"2025-09-01T06:44:38","modified_gmt":"2025-09-01T06:44:38","slug":"vietnam-2","status":"publish","type":"page","link":"https:\/\/thewheeltravels.com\/?page_id=785","title":{"rendered":"Vietnam"},"content":{"rendered":"\t\t<div data-elementor-type=\"wp-page\" data-elementor-id=\"785\" class=\"elementor elementor-785\">\n\t\t\t\t<div class=\"elementor-element elementor-element-0c90e2b e-flex e-con-boxed e-con e-parent\" data-id=\"0c90e2b\" data-element_type=\"container\" data-e-type=\"container\">\n\t\t\t\t\t<div class=\"e-con-inner\">\n\t\t<div class=\"elementor-element elementor-element-2d574ba e-con-full e-flex e-con e-child\" data-id=\"2d574ba\" data-element_type=\"container\" data-e-type=\"container\">\n\t\t\t\t<div class=\"elementor-element elementor-element-32d87e4 elementor-widget elementor-widget-heading\" data-id=\"32d87e4\" data-element_type=\"widget\" data-e-type=\"widget\" data-widget_type=\"heading.default\">\n\t\t\t\t<div class=\"elementor-widget-container\">\n\t\t\t\t\t<h3 class=\"elementor-heading-title elementor-size-default\">A Land of Timeless Charm <\/h3>\t\t\t\t<\/div>\n\t\t\t\t<\/div>\n\t\t\t\t<\/div>\n\t\t\t\t\t<\/div>\n\t\t\t\t<\/div>\n\t\t\t\t<section class=\"elementor-section elementor-top-section elementor-element elementor-element-45df9781 elementor-section-boxed elementor-section-height-default elementor-section-height-default\" data-id=\"45df9781\" data-element_type=\"section\" data-e-type=\"section\">\n\t\t\t\t\t\t<div class=\"elementor-container elementor-column-gap-extended\">\n\t\t\t\t\t<div class=\"elementor-column elementor-col-25 elementor-top-column elementor-element elementor-element-2f54a791\" data-id=\"2f54a791\" data-element_type=\"column\" data-e-type=\"column\" data-settings=\"{&quot;background_background&quot;:&quot;classic&quot;}\">\n\t\t\t<div class=\"elementor-widget-wrap elementor-element-populated\">\n\t\t\t\t\t\t<div class=\"elementor-element elementor-element-123273b7 elementor-widget elementor-widget-spacer\" data-id=\"123273b7\" data-element_type=\"widget\" data-e-type=\"widget\" data-widget_type=\"spacer.default\">\n\t\t\t\t<div class=\"elementor-widget-container\">\n\t\t\t\t\t\t\t<div class=\"elementor-spacer\">\n\t\t\t<div class=\"elementor-spacer-inner\"><\/div>\n\t\t<\/div>\n\t\t\t\t\t\t<\/div>\n\t\t\t\t<\/div>\n\t\t\t\t<div class=\"elementor-element elementor-element-5275052b elementor-widget elementor-widget-heading\" data-id=\"5275052b\" data-element_type=\"widget\" data-e-type=\"widget\" data-widget_type=\"heading.default\">\n\t\t\t\t<div class=\"elementor-widget-container\">\n\t\t\t\t\t<h4 class=\"elementor-heading-title elementor-size-default\"><a href=\"#\">Tourpackage<\/a><\/h4>\t\t\t\t<\/div>\n\t\t\t\t<\/div>\n\t\t\t\t<div class=\"elementor-element elementor-element-72621e6 elementor-widget elementor-widget-heading\" data-id=\"72621e6\" data-element_type=\"widget\" data-e-type=\"widget\" data-widget_type=\"heading.default\">\n\t\t\t\t<div class=\"elementor-widget-container\">\n\t\t\t\t\t<h2 class=\"elementor-heading-title elementor-size-default\"><a href=\"#\">Hanoi<\/a><\/h2>\t\t\t\t<\/div>\n\t\t\t\t<\/div>\n\t\t\t\t\t<\/div>\n\t\t<\/div>\n\t\t\t\t<div class=\"elementor-column elementor-col-25 elementor-top-column elementor-element elementor-element-6e0a11cf\" data-id=\"6e0a11cf\" data-element_type=\"column\" data-e-type=\"column\" data-settings=\"{&quot;background_background&quot;:&quot;classic&quot;}\">\n\t\t\t<div class=\"elementor-widget-wrap elementor-element-populated\">\n\t\t\t\t\t\t<div class=\"elementor-element elementor-element-643fb23 elementor-widget elementor-widget-spacer\" data-id=\"643fb23\" data-element_type=\"widget\" data-e-type=\"widget\" data-widget_type=\"spacer.default\">\n\t\t\t\t<div class=\"elementor-widget-container\">\n\t\t\t\t\t\t\t<div class=\"elementor-spacer\">\n\t\t\t<div class=\"elementor-spacer-inner\"><\/div>\n\t\t<\/div>\n\t\t\t\t\t\t<\/div>\n\t\t\t\t<\/div>\n\t\t\t\t<div class=\"elementor-element elementor-element-fa32f75 elementor-widget elementor-widget-heading\" data-id=\"fa32f75\" data-element_type=\"widget\" data-e-type=\"widget\" data-widget_type=\"heading.default\">\n\t\t\t\t<div class=\"elementor-widget-container\">\n\t\t\t\t\t<h4 class=\"elementor-heading-title elementor-size-default\"><a href=\"#\">Tourpackage<\/a><\/h4>\t\t\t\t<\/div>\n\t\t\t\t<\/div>\n\t\t\t\t<div class=\"elementor-element elementor-element-5329a769 elementor-widget elementor-widget-heading\" data-id=\"5329a769\" data-element_type=\"widget\" data-e-type=\"widget\" data-widget_type=\"heading.default\">\n\t\t\t\t<div class=\"elementor-widget-container\">\n\t\t\t\t\t<h2 class=\"elementor-heading-title elementor-size-default\"><a href=\"#\">Ho Chi Minh<\/a><\/h2>\t\t\t\t<\/div>\n\t\t\t\t<\/div>\n\t\t\t\t\t<\/div>\n\t\t<\/div>\n\t\t\t\t<div class=\"elementor-column elementor-col-25 elementor-top-column elementor-element elementor-element-62c5fea4\" data-id=\"62c5fea4\" data-element_type=\"column\" data-e-type=\"column\" data-settings=\"{&quot;background_background&quot;:&quot;classic&quot;}\">\n\t\t\t<div class=\"elementor-widget-wrap elementor-element-populated\">\n\t\t\t\t\t\t<div class=\"elementor-element elementor-element-54fb6c8d elementor-widget elementor-widget-spacer\" data-id=\"54fb6c8d\" data-element_type=\"widget\" data-e-type=\"widget\" data-widget_type=\"spacer.default\">\n\t\t\t\t<div class=\"elementor-widget-container\">\n\t\t\t\t\t\t\t<div class=\"elementor-spacer\">\n\t\t\t<div class=\"elementor-spacer-inner\"><\/div>\n\t\t<\/div>\n\t\t\t\t\t\t<\/div>\n\t\t\t\t<\/div>\n\t\t\t\t<div class=\"elementor-element elementor-element-c85a3f7 elementor-widget elementor-widget-heading\" data-id=\"c85a3f7\" data-element_type=\"widget\" data-e-type=\"widget\" data-widget_type=\"heading.default\">\n\t\t\t\t<div class=\"elementor-widget-container\">\n\t\t\t\t\t<h4 class=\"elementor-heading-title elementor-size-default\"><a href=\"#\">Tourpackage<\/a><\/h4>\t\t\t\t<\/div>\n\t\t\t\t<\/div>\n\t\t\t\t<div class=\"elementor-element elementor-element-30170870 elementor-widget elementor-widget-heading\" data-id=\"30170870\" data-element_type=\"widget\" data-e-type=\"widget\" data-widget_type=\"heading.default\">\n\t\t\t\t<div class=\"elementor-widget-container\">\n\t\t\t\t\t<h2 class=\"elementor-heading-title elementor-size-default\"><a href=\"#\">Hoi An<\/a><\/h2>\t\t\t\t<\/div>\n\t\t\t\t<\/div>\n\t\t\t\t\t<\/div>\n\t\t<\/div>\n\t\t\t\t<div class=\"elementor-column elementor-col-25 elementor-top-column elementor-element elementor-element-5f874945\" data-id=\"5f874945\" data-element_type=\"column\" data-e-type=\"column\" data-settings=\"{&quot;background_background&quot;:&quot;classic&quot;}\">\n\t\t\t<div class=\"elementor-widget-wrap elementor-element-populated\">\n\t\t\t\t\t\t<div class=\"elementor-element elementor-element-773add85 elementor-widget elementor-widget-spacer\" data-id=\"773add85\" data-element_type=\"widget\" data-e-type=\"widget\" data-widget_type=\"spacer.default\">\n\t\t\t\t<div class=\"elementor-widget-container\">\n\t\t\t\t\t\t\t<div class=\"elementor-spacer\">\n\t\t\t<div class=\"elementor-spacer-inner\"><\/div>\n\t\t<\/div>\n\t\t\t\t\t\t<\/div>\n\t\t\t\t<\/div>\n\t\t\t\t<div class=\"elementor-element elementor-element-d151069 elementor-widget elementor-widget-heading\" data-id=\"d151069\" data-element_type=\"widget\" data-e-type=\"widget\" data-widget_type=\"heading.default\">\n\t\t\t\t<div class=\"elementor-widget-container\">\n\t\t\t\t\t<h4 class=\"elementor-heading-title elementor-size-default\"><a href=\"#\">Tourpackage<\/a><\/h4>\t\t\t\t<\/div>\n\t\t\t\t<\/div>\n\t\t\t\t<div class=\"elementor-element elementor-element-6061f628 elementor-widget elementor-widget-heading\" data-id=\"6061f628\" data-element_type=\"widget\" data-e-type=\"widget\" data-widget_type=\"heading.default\">\n\t\t\t\t<div class=\"elementor-widget-container\">\n\t\t\t\t\t<h2 class=\"elementor-heading-title elementor-size-default\"><a href=\"#\">Halong Bay<\/a><\/h2>\t\t\t\t<\/div>\n\t\t\t\t<\/div>\n\t\t\t\t\t<\/div>\n\t\t<\/div>\n\t\t\t\t\t<\/div>\n\t\t<\/section>\n\t\t<div class=\"elementor-element elementor-element-0193c2c e-flex e-con-boxed e-con e-parent\" data-id=\"0193c2c\" data-element_type=\"container\" data-e-type=\"container\">\n\t\t\t\t\t<div class=\"e-con-inner\">\n\t\t<div class=\"elementor-element elementor-element-c5b0d9a e-con-full e-flex e-con e-child\" data-id=\"c5b0d9a\" data-element_type=\"container\" data-e-type=\"container\">\n\t\t\t\t<\/div>\n\t\t\t\t\t<\/div>\n\t\t\t\t<\/div>\n\t\t<div class=\"elementor-element elementor-element-842bbdc e-flex e-con-boxed e-con e-parent\" data-id=\"842bbdc\" data-element_type=\"container\" data-e-type=\"container\">\n\t\t\t\t\t<div class=\"e-con-inner\">\n\t\t\t\t<div class=\"elementor-element elementor-element-664f5c3 elementor-widget-divider--view-line elementor-widget elementor-widget-divider\" data-id=\"664f5c3\" data-element_type=\"widget\" data-e-type=\"widget\" data-widget_type=\"divider.default\">\n\t\t\t\t<div class=\"elementor-widget-container\">\n\t\t\t\t\t\t\t<div class=\"elementor-divider\">\n\t\t\t<span class=\"elementor-divider-separator\">\n\t\t\t\t\t\t<\/span>\n\t\t<\/div>\n\t\t\t\t\t\t<\/div>\n\t\t\t\t<\/div>\n\t\t<div class=\"elementor-element elementor-element-9c943b9 e-con-full e-flex e-con e-child\" data-id=\"9c943b9\" data-element_type=\"container\" data-e-type=\"container\">\n\t\t\t\t<div class=\"elementor-element elementor-element-af0982d elementor-widget elementor-widget-heading\" data-id=\"af0982d\" data-element_type=\"widget\" data-e-type=\"widget\" data-widget_type=\"heading.default\">\n\t\t\t\t<div class=\"elementor-widget-container\">\n\t\t\t\t\t<h3 class=\"elementor-heading-title elementor-size-default\">Top Destinations &amp; Must-See Experiences<\/h3>\t\t\t\t<\/div>\n\t\t\t\t<\/div>\n\t\t\t\t<div class=\"elementor-element elementor-element-0a35c04 elementor-widget elementor-widget-text-editor\" data-id=\"0a35c04\" data-element_type=\"widget\" data-e-type=\"widget\" data-widget_type=\"text-editor.default\">\n\t\t\t\t<div class=\"elementor-widget-container\">\n\t\t\t\t\t\t\t\t\t<h5>1. Hanoi: The Historic Capital<\/h5>\n<p class=\"p1\">The elegant, sometimes chaotic, thousand-year-old capital of the north is a blend of French colonial architecture, ancient Asian culture, and modern energy.<\/p>\n<p class=\"p1\">\u00b7 The Old Quarter: The pulsating heart of Hanoi. Explore its 36 streets, each historically dedicated to a specific craft (e.g., Silk Street, Bamboo Street). Get lost in the maze of shops, markets, and street food stalls.<\/p>\n<p class=\"p1\">\u00b7 Hoan Kiem Lake: A peaceful oasis in the city center. Visit the Ngoc Son Temple on a small island and watch locals exercise at dawn.<\/p>\n<p class=\"p1\">\u00b7 Cultural Sites: Visit the solemn Ho Chi Minh Mausoleum, the beautiful Temple of Literature (Vietnam&#8217;s first university), and watch a traditional Water Puppet Show.<\/p>\n<p class=\"p1\">\u00b7 Food: Hanoi is the birthplace of Ph\u1edf and B\u00fan Ch\u1ea3. Don&#8217;t leave without trying them at a local spot.<\/p>\n<h5>2. Halong Bay &amp; Lan Ha Bay (Northeast)<\/h5>\n<p class=\"p1\">A UNESCO World Heritage Site and the jewel of North Vietnam.<\/p>\n<p class=\"p1\">\u00b7 Overnight Cruise: The best way to experience the bay is on a 1 or 2-night cruise among thousands of limestone karsts and isles rising dramatically from the emerald water. Activities include kayaking, swimming, and exploring magnificent caves like Sung Sot (Surprise Cave).<\/p>\n<p class=\"p1\">\u00b7 Lan Ha Bay: Adjacent to Halong Bay, it&#8217;s equally stunning but often less crowded. A great alternative.<\/p>\n<p class=\"p1\">\u00b7 Cat Ba Island: The largest island in the bay, offering national park hiking and a town base for explorations.<\/p>\n<h5>3. The Central Region: History &amp; Heritage<\/h5>\n<p class=\"p1\">\u00b7 Hue: The former imperial capital. Explore the vast Imperial City, a sprawling complex of palaces, temples, walls, and gates, and take a dragon boat cruise on the Perfume River.<\/p>\n<p class=\"p1\">\u00b7 Hoi An: An absolute highlight. This beautifully preserved ancient port town is a UNESCO site, famous for its charming yellow architecture, silk lanterns, tailors, and riverside ambiance. Cycle through rice paddies, take a cooking class, and see the town glow when the lanterns light up at night.<\/p>\n<p class=\"p1\">\u00b7 Da Nang: A vibrant coastal city with great beaches (My Khe), the famous &#8220;Golden Bridge&#8221; held up by giant stone hands, and a gateway to both Hoi An and Hue.<\/p>\n<h5>4. The Central Highlands &amp; Ho Chi Minh Trail<\/h5>\n<p class=\"p1\">For adventure seekers, this mountainous region offers trekking, ethnic minority culture, and coffee plantations. Dalat, with its cool climate, French villas, and quirky architecture, is a popular stop.<\/p>\n<p class=\"p1\">5. Ho Chi Minh City (Saigon): The Dynamic South<\/p>\n<p class=\"p1\">A bustling, modern metropolis that moves at a frenetic pace. It&#8217;s the economic engine of Vietnam and a city of contrasts.<\/p>\n<p class=\"p1\">\u00b7 War History: The Cu Chi Tunnels are an immense network of underground tunnels used by Viet Cong soldiers. It&#8217;s a fascinating and sobering historical experience. In the city, the War Remnants Museum offers a powerful, poignant perspective on the Vietnam War.<\/p>\n<p class=\"p1\">\u00b7 French Colonial Architecture: See the beautiful Notre-Dame Cathedral Basilica of Saigon (currently under renovation) and the Central Post Office.<\/p>\n<p class=\"p1\">\u00b7 Food Scene: A street food paradise. Dive into the markets like Ben Thanh and try southern specialties like B\u00e1nh M\u00ec and C\u00e0 Ph\u00ea S\u1eefa \u0110\u00e1 (Vietnamese iced coffee with sweet condensed milk).<\/p>\n<h5>6. The Mekong Delta: The &#8220;Rice Bowl&#8221; of Vietnam<\/h5>\n<p class=\"p1\">Where the mighty Mekong River empties into the sea through a network of distributaries. Life here revolves around the water.<\/p>\n<p class=\"p1\">\u00b7 Boat Tours: Glide through narrow, shaded canals on a small sampan boat.<\/p>\n<p class=\"p1\">\u00b7 Floating Markets: Visit vibrant markets like Cai Rang or Cai Be, where vendors sell goods directly from their boats. Go early in the morning for the best experience.<\/p>\n<p class=\"p1\">\u00b7 Homestays: For an authentic experience, spend a night with a local family in their home along the river.<\/p>\t\t\t\t\t\t\t\t<\/div>\n\t\t\t\t<\/div>\n\t\t\t\t<\/div>\n\t\t<div class=\"elementor-element elementor-element-df2f1c5 e-con-full e-flex e-con e-child\" data-id=\"df2f1c5\" data-element_type=\"container\" data-e-type=\"container\">\n\t\t\t\t<\/div>\n\t\t\t\t\t<\/div>\n\t\t\t\t<\/div>\n\t\t<div class=\"elementor-element elementor-element-3180157 e-flex e-con-boxed e-con e-parent\" data-id=\"3180157\" data-element_type=\"container\" data-e-type=\"container\">\n\t\t\t\t\t<div class=\"e-con-inner\">\n\t\t\t\t<div class=\"elementor-element elementor-element-0ec4296 elementor-widget elementor-widget-heading\" data-id=\"0ec4296\" data-element_type=\"widget\" data-e-type=\"widget\" data-widget_type=\"heading.default\">\n\t\t\t\t<div class=\"elementor-widget-container\">\n\t\t\t\t\t<h2 class=\"elementor-heading-title elementor-size-default\">Contact Form<\/h2>\t\t\t\t<\/div>\n\t\t\t\t<\/div>\n\t\t\t\t<div class=\"elementor-element elementor-element-2d546b9 elementor-widget elementor-widget-wpforms\" data-id=\"2d546b9\" data-element_type=\"widget\" data-e-type=\"widget\" data-widget_type=\"wpforms.default\">\n\t\t\t\t<div class=\"elementor-widget-container\">\n\t\t\t\t\t<div class=\"wpforms-container wpforms-render-modern\" id=\"wpforms-429\"><form id=\"wpforms-form-429\" class=\"wpforms-validate wpforms-form wpforms-ajax-form\" data-formid=\"429\" method=\"post\" enctype=\"multipart\/form-data\" action=\"\/index.php?rest_route=%2Fwp%2Fv2%2Fpages%2F785\" data-token=\"e22cd61eb227b9140bc64e729fcacfba\" data-token-time=\"1776409445\"><noscript class=\"wpforms-error-noscript\">Please enable JavaScript in your browser to complete this form.<\/noscript><div id=\"wpforms-error-noscript\" style=\"display: none;\">Please enable JavaScript in your browser to complete this form.<\/div><div class=\"wpforms-field-container\"><div id=\"wpforms-429-field_0-container\" class=\"wpforms-field wpforms-field-name\" data-field-id=\"0\"><label class=\"wpforms-field-label\" for=\"wpforms-429-field_0\">Name <span class=\"wpforms-required-label\" aria-hidden=\"true\">*<\/span><\/label><input type=\"text\" id=\"wpforms-429-field_0\" class=\"wpforms-field-large wpforms-field-required\" name=\"wpforms[fields][0]\" aria-errormessage=\"wpforms-429-field_0-error\" required><\/div><div id=\"wpforms-429-field_1-container\" class=\"wpforms-field wpforms-field-email\" data-field-id=\"1\"><label class=\"wpforms-field-label\" for=\"wpforms-429-field_1\">Email <span class=\"wpforms-required-label\" aria-hidden=\"true\">*<\/span><\/label><input type=\"email\" id=\"wpforms-429-field_1\" class=\"wpforms-field-large wpforms-field-required\" name=\"wpforms[fields][1]\" spellcheck=\"false\" aria-errormessage=\"wpforms-429-field_1-error\" required><\/div><div id=\"wpforms-429-field_4-container\" class=\"wpforms-field wpforms-field-textarea\" data-field-id=\"4\"><label class=\"wpforms-field-label\" for=\"wpforms-429-field_4\">Message <span class=\"wpforms-required-label\" aria-hidden=\"true\">*<\/span><\/label><textarea id=\"wpforms-429-field_4\" class=\"wpforms-field-medium wpforms-field-required\" name=\"wpforms[fields][4]\" aria-errormessage=\"wpforms-429-field_4-error\" required><\/textarea><\/div><\/div><!-- .wpforms-field-container --><div class=\"wpforms-submit-container\" ><input type=\"hidden\" name=\"wpforms[id]\" value=\"429\"><input type=\"hidden\" name=\"page_title\" value=\"\"><input type=\"hidden\" name=\"page_url\" value=\"https:\/\/thewheeltravels.com\/index.php?rest_route=\/wp\/v2\/pages\/785\"><input type=\"hidden\" name=\"url_referer\" value=\"\"><button type=\"submit\" name=\"wpforms[submit]\" id=\"wpforms-submit-429\" class=\"wpforms-submit\" data-alt-text=\"Sending...\" data-submit-text=\"Send Message\" aria-live=\"assertive\" value=\"wpforms-submit\">Send Message<\/button><img decoding=\"async\" src=\"https:\/\/thewheeltravels.com\/wp-content\/plugins\/wpforms-lite\/assets\/images\/submit-spin.svg\" class=\"wpforms-submit-spinner\" style=\"display: none;\" width=\"26\" height=\"26\" alt=\"Loading\"><\/div><\/form><\/div>  <!-- .wpforms-container -->\t\t\t\t<\/div>\n\t\t\t\t<\/div>\n\t\t\t\t\t<\/div>\n\t\t\t\t<\/div>\n\t\t\t\t<\/div>\n\t\t","protected":false},"excerpt":{"rendered":"<p>A Land of Timeless Charm Tourpackage Hanoi Tourpackage Ho Chi Minh Tourpackage Hoi An Tourpackage Halong Bay Top Destinations &amp; Must-See Experiences 1. Hanoi: The Historic Capital The elegant, sometimes chaotic, thousand-year-old capital of the north is a blend of French colonial architecture, ancient Asian culture, and modern energy. \u00b7 The Old Quarter: The pulsating [&hellip;]<\/p>\n","protected":false},"author":1,"featured_media":0,"parent":0,"menu_order":0,"comment_status":"closed","ping_status":"closed","template":"","meta":{"footnotes":""},"class_list":["post-785","page","type-page","status-publish","hentry"],"blocksy_meta":[],"_links":{"self":[{"href":"https:\/\/thewheeltravels.com\/index.php?rest_route=\/wp\/v2\/pages\/785","targetHints":{"allow":["GET"]}}],"collection":[{"href":"https:\/\/thewheeltravels.com\/index.php?rest_route=\/wp\/v2\/pages"}],"about":[{"href":"https:\/\/thewheeltravels.com\/index.php?rest_route=\/wp\/v2\/types\/page"}],"author":[{"embeddable":true,"href":"https:\/\/thewheeltravels.com\/index.php?rest_route=\/wp\/v2\/users\/1"}],"replies":[{"embeddable":true,"href":"https:\/\/thewheeltravels.com\/index.php?rest_route=%2Fwp%2Fv2%2Fcomments&post=785"}],"version-history":[{"count":35,"href":"https:\/\/thewheeltravels.com\/index.php?rest_route=\/wp\/v2\/pages\/785\/revisions"}],"predecessor-version":[{"id":1359,"href":"https:\/\/thewheeltravels.com\/index.php?rest_route=\/wp\/v2\/pages\/785\/revisions\/1359"}],"wp:attachment":[{"href":"https:\/\/thewheeltravels.com\/index.php?rest_route=%2Fwp%2Fv2%2Fmedia&parent=785"}],"curies":[{"name":"wp","href":"https:\/\/api.w.org\/{rel}","templated":true}]}}